{"id":855,"date":"2017-12-20T12:17:16","date_gmt":"2017-12-20T11:17:16","guid":{"rendered":"https:\/\/www.ib-riz.de\/?page_id=855"},"modified":"2022-02-22T20:10:45","modified_gmt":"2022-02-22T19:10:45","slug":"karriere","status":"publish","type":"page","link":"https:\/\/www.ib-riz.de\/en\/karriere\/","title":{"rendered":"Career"},"content":{"rendered":"<section class=\"av_textblock_section\"  itemscope=\"itemscope\" itemtype=\"https:\/\/schema.org\/CreativeWork\" ><div class='avia_textblock'   itemprop=\"text\" ><p class=\"bodytext\">F\u00fcr unser B\u00fcro in Wiesbaden suchen wir f\u00fcr anspruchsvolle Konstruktionsaufgaben im Hochbau zum n\u00e4chstm\u00f6glichen Termin einen engagierten<\/p>\n<h3>Statiker (m\/w)<\/h3>\n<p>Als Dipl.-Ing., B. Eng. oder M. Eng. verf\u00fcgen Sie idealerweise schon \u00fcber Berufserfahrung und haben gute Kenntnisse in der Erstellung von statischen und bauphysikalischen Nachweisen.<\/p>\n<p>Sie sind in Ihrem Aufgabenbereich flexibel, haben eine selbstst\u00e4ndige Arbeitsstruktur und k\u00f6nnen Probleme eigenst\u00e4ndig angehen und L\u00f6sungsans\u00e4tze entwickeln.<\/p>\n<p>Sie erfreuen sich in einem jungen, freundlichen und hilfsbereiten Team mit wenig Hierarchie zu arbeiten?<\/p>\n<p>Dann sind Sie bei uns ganz richtig. Wir freuen uns \u00fcber Ihre Bewerbungsunterlagen.<\/p>\n<h3>Bauzeichner (m\/w)<\/h3>\n<p>Als Dipl.-Ing. (FH), Bautechniker oder Bauzeichner (m\/w) verf\u00fcgen Sie idealerweise schon \u00fcber Berufserfahrung und haben gute Kenntnisse in der Erstellung von Schal- und Bewehrungspl\u00e4nen mit den CAD Programmen.<\/p>\n<p>Sie sind in der Lage, komplexe geometrische und technische Aufgabenstellungen im Stahlbetonbau zu erfassen und zeichnerisch umzusetzen. Sie arbeiten teamorientiert und zeichnen sich durch ein sicheres Auftreten aus.<\/p>\n<p>Dann sind Sie herzlich willkommen in unserem jungen, hoch motivierten Team f\u00fcr abwechslungsreiche Planungsprojekte.<\/p>\n<p>Es erwartet Sie eine anspruchsvolle und vielseitige T\u00e4tigkeit sowie ein gutes Arbeitsklima und eine leistungsgerechte Verg\u00fctung.<\/p>\n<h3>Sekret\u00e4rin (m\/w)<\/h3>\n<p>Als Sekret\u00e4rin verf\u00fcgen Sie schon\u00a0\u00fcber eine abgeschlossene kaufm\u00e4nnische Ausbildung oder besitzen eine vergleichbare Qualifikation. Erste Erfahrungen bringen Sie nach M\u00f6glichkeit bereits mit. Insbesondere im Umgang mit Microsoft Office. Das Arbeiten im Team bereitet Ihnen Freude, Sie sind flexibel sowie engagiert. Eigenverantwortliches Arbeiten, Zuverl\u00e4ssigkeit sowie organisatorisches Geschick runden Ihr Profil ab.<\/p>\n<p>Zu Ihren T\u00e4tigkeitfeldern geh\u00f6ren klassische Sekretariatsaufgaben wie: Angebote und Rechnungen schreiben, die Buchhaltung f\u00fchren, \u00dcberweisungen durchf\u00fchren, Entgegennahme von Telefonanrufen, Erledigung des Schriftwechsels, Terminkoordinierung, Bearbeitung der Ein- und Ausgangspost, Bestellung von Verbrauchs- und B\u00fcromaterialien.<\/p>\n<p>Es erwartet Sie ein freundliches, engagiertes und tatkr\u00e4ftiges Team.<\/p>\n<h3><strong>\u00a0<\/strong><\/h3>\n<\/div><\/section>\n<div class=\"flex_column av_one_full  flex_column_div av-zero-column-padding first\" style='border-radius:0px; '><section class=\"av_textblock_section\"  itemscope=\"itemscope\" itemtype=\"https:\/\/schema.org\/CreativeWork\" ><div class='avia_textblock  av_inherit_color'  style='color:#384597; '  itemprop=\"text\" ><h5><strong>Bitte senden Sie Ihre ausf\u00fchrlichen Bewerbungsunterlagen an die folgende E-Mail-Adresse: \u00a0info@ib-riz.de<\/strong><\/h5>\n<\/div><\/section><\/div>","protected":false},"excerpt":{"rendered":"","protected":false},"author":2,"featured_media":0,"parent":0,"menu_order":6,"comment_status":"closed","ping_status":"closed","template":"","meta":{"footnotes":""},"class_list":["post-855","page","type-page","status-publish","hentry"],"_links":{"self":[{"href":"https:\/\/www.ib-riz.de\/en\/wp-json\/wp\/v2\/pages\/855","targetHints":{"allow":["GET"]}}],"collection":[{"href":"https:\/\/www.ib-riz.de\/en\/wp-json\/wp\/v2\/pages"}],"about":[{"href":"https:\/\/www.ib-riz.de\/en\/wp-json\/wp\/v2\/types\/page"}],"author":[{"embeddable":true,"href":"https:\/\/www.ib-riz.de\/en\/wp-json\/wp\/v2\/users\/2"}],"replies":[{"embeddable":true,"href":"https:\/\/www.ib-riz.de\/en\/wp-json\/wp\/v2\/comments?post=855"}],"version-history":[{"count":0,"href":"https:\/\/www.ib-riz.de\/en\/wp-json\/wp\/v2\/pages\/855\/revisions"}],"wp:attachment":[{"href":"https:\/\/www.ib-riz.de\/en\/wp-json\/wp\/v2\/media?parent=855"}],"curies":[{"name":"wp","href":"https:\/\/api.w.org\/{rel}","templated":true}]}}