{"id":431,"date":"2015-02-22T19:55:57","date_gmt":"2015-02-22T19:55:57","guid":{"rendered":"http:\/\/wp\/enfold-medium-business\/?page_id=11"},"modified":"2025-11-30T19:12:20","modified_gmt":"2025-11-30T18:12:20","slug":"ingenieurbuero-riz","status":"publish","type":"page","link":"https:\/\/www.ib-riz.de\/en\/","title":{"rendered":"Home"},"content":{"rendered":"<\/div><\/div><\/div><!-- close content main div --><\/div><\/div><div id='full_slider_1' class='avia-fullwidth-slider main_color avia-shadow   container_wrap fullsize'   ><div  data-size='no scaling'  data-lightbox_size='large'  data-animation='slide_up'  data-conditional_play=''  data-ids='2319'  data-video_counter='0'  data-autoplay='false'  data-bg_slider='false'  data-slide_height=''  data-handle='av_slideshow_full'  data-interval='5'  data-class=' '  data-css_id=''  data-scroll_down=''  data-control_layout='av-control-default'  data-custom_markup=''  data-perma_caption=''  data-autoplay_stopper=''  data-image_attachment=''  data-min_height='0px'  data-src=''  data-position='top left'  data-repeat='no-repeat'  data-attach='scroll'  data-stretch=''  class='avia-slideshow avia-slideshow-1  av-control-default av-default-height-applied avia-slideshow-no scaling av_slideshow_full   avia-slide_up-slider'  itemprop=\"ImageObject\" itemscope=\"itemscope\" itemtype=\"https:\/\/schema.org\/ImageObject\" ><ul class='avia-slideshow-inner' style='padding-bottom: 61.2109375%;' ><li  class='av-single-slide slide-1' ><div data-rel='slideshow-1' class='avia-slide-wrap'   ><img src='https:\/\/www.ib-riz.de\/wp-content\/uploads\/2024\/12\/d-3098-1102-22-scaled.jpg' width='2560' height='1567' title='D_3098-1102_2(2)' alt=''  itemprop=\"thumbnailUrl\"   \/><\/div><\/li><\/ul><\/div><\/div>\n<div style='padding-bottom:5px; color:#384597;' class='av-special-heading av-special-heading-h1 custom-color-heading    av-thin-font'><h1 class='av-special-heading-tag  av-mini-font-size-overwrite av-mini-font-size-28'  itemprop=\"headline\"  ><strong>RIZ engineering company<\/strong><br \/>\nIhr Statiker in Wiesbaden<br \/>\nf\u00fcr Tragwerksplanung und Baustatik<\/h1><div class='special-heading-border'><div class='special-heading-inner-border' style='border-color:#384597'><\/div><\/div><\/div>\n<div class=\"flex_column av_one_half  flex_column_div av-zero-column-padding first\" style='border-radius:0px; '><section class=\"av_textblock_section\"  itemscope=\"itemscope\" itemtype=\"https:\/\/schema.org\/CreativeWork\" ><div class='avia_textblock'   itemprop=\"text\" ><h1><\/h1>\n<\/div><\/section><\/div>\n<div class=\"flex_column av_one_half  flex_column_div av-zero-column-padding\" style='border-radius:0px; '><section class=\"av_textblock_section\"  itemscope=\"itemscope\" itemtype=\"https:\/\/schema.org\/CreativeWork\" ><div class='avia_textblock'   itemprop=\"text\" ><h1><\/h1>\n<\/div><\/section><\/div>\n<div class=\"flex_column av_one_half  flex_column_div av-zero-column-padding first\" style='border-radius:0px; '><section class=\"av_textblock_section\"  itemscope=\"itemscope\" itemtype=\"https:\/\/schema.org\/CreativeWork\" ><div class='avia_textblock'   itemprop=\"text\" ><div>\n<h3>Tragwerksplanung und Baustatik \u2013 zuverl\u00e4ssig und pr\u00e4zise ausgef\u00fchrt<\/h3>\n<\/div>\n<section>\n<div>\n<p>Sie planen ein Bauvorhaben und ben\u00f6tigen eine fachkundige statische Begleitung?<br \/>\nAls erfahrenes<strong> Ingenieurb\u00fcro f\u00fcr Baustatik<\/strong> unterst\u00fctzen wir Bauherren, Architekten und Unternehmen in allen Phasen \u2013 vom Einfamilienhaus und Hausbau \u00fcber gewerbliche Projekte bis zur technischen Umsetzung. Wenn Sie die Statik berechnen lassen m\u00f6chten oder eine <strong>statische Pr\u00fcfung<\/strong> ben\u00f6tigen, bieten wir Ihnen alle Leistungen aus einer Hand.<\/p>\n<p>Unser Team aus qualifizierten Ingenieuren und Konstrukteuren arbeitet seit vielen Jahren erfolgreich in der <strong>Structural Engineering<\/strong> und Baustatik. Mit leistungsstarker Software, klaren Prozessen und hoher Fachkompetenz bearbeiten wir Kundenauftr\u00e4ge flexibel, termintreu und mit h\u00f6chsten Qualit\u00e4tsanspr\u00fcchen \u2013 ganz gleich, ob es um Neubau, Sanierung oder komplexe statische Berechnungen geht.<\/p>\n<p><strong>Starten Sie jetzt Ihre Anfrage bei Ihrem Tragwerksplaner.<\/strong><\/p>\n<\/div>\n<\/section>\n<\/div><\/section><\/div>\n<div class=\"flex_column av_one_half  flex_column_div av-zero-column-padding\" style='border-radius:0px; '><section class=\"av_textblock_section\"  itemscope=\"itemscope\" itemtype=\"https:\/\/schema.org\/CreativeWork\" ><div class='avia_textblock'   itemprop=\"text\" ><div>\n<h3>Kompetente Statiker aus Wiesbaden f\u00fcr Ihren Projekterfolg<\/h3>\n<\/div>\n<section>Von der ersten Entwurfsphase bis zur endg\u00fcltigen Ausf\u00fchrung begleiten wir Sie umfassend durch Ihr <strong>Bauvorhaben<\/strong>. Eine durchdachte Tragwerksplanung erm\u00f6glicht es, Materialien gezielt einzusetzen und unn\u00f6tige Kosten zu vermeiden. Zus\u00e4tzlich \u00fcberwachen wir auf Wunsch die bautechnische Umsetzung, um Planabweichungen oder Mehrkosten fr\u00fchzeitig zu erkennen.Unsere <strong>Statiker<\/strong> und <strong>Tragwerksplaner<\/strong> unterst\u00fctzen Sie pers\u00f6nlich, telefonisch und auf Wunsch auch vor Ort. Wir stellen sicher, dass Ihr Bauwerk standsicher konstruiert wird und allen geltenden Vorschriften entspricht. Bei allen Leistungen legen wir Wert auf eine transparente Beratung, faire Konditionen und wirtschaftliche L\u00f6sungen \u2013 ohne versteckte Kosten.<br \/>\nProfitieren Sie von unserer Erfahrung als <strong>Statiker in Wiesbaden<\/strong> \u2013 kompetent, erreichbar und immer in Ihrer N\u00e4he.<\/p>\n<p><strong>Lassen Sie sich jetzt unverbindlich beraten!<\/strong><\/p>\n<div><\/div>\n<\/section>\n<\/div><\/section><\/div>\n<div class=\"flex_column av_one_half  flex_column_div av-zero-column-padding first\" style='border-radius:0px; '><section class=\"av_textblock_section\"  itemscope=\"itemscope\" itemtype=\"https:\/\/schema.org\/CreativeWork\" ><div class='avia_textblock'   itemprop=\"text\" ><h1><\/h1>\n<\/div><\/section><\/div>\n<div class=\"flex_column av_one_half  flex_column_div av-zero-column-padding\" style='border-radius:0px; '><section class=\"av_textblock_section\"  itemscope=\"itemscope\" itemtype=\"https:\/\/schema.org\/CreativeWork\" ><div class='avia_textblock'   itemprop=\"text\" ><h1><\/h1>\n<\/div><\/section><\/div>\n<div class=\"flex_column av_one_half  flex_column_div av-zero-column-padding first\" style='border-radius:0px; '><section class=\"av_textblock_section\"  itemscope=\"itemscope\" itemtype=\"https:\/\/schema.org\/CreativeWork\" ><div class='avia_textblock'   itemprop=\"text\" ><div>\n<h3>Mit erfahrenen Statikern sicher planen \u2013 f\u00fcr private und gewerbliche Bauvorhaben<\/h3>\n<\/div>\n<section>\n<div>\n<p>Im Auftrag unserer Kunden entwickeln wir in der Planungsphase fundierte und praxistaugliche Konzepte, damit Ihr Bauvorhaben den technischen und baurechtlichen Anforderungen entspricht. Unsere erfahrenen Statiker gew\u00e4hrleisten, dass <strong>Tragwerke<\/strong> zuverl\u00e4ssig berechnet und Konstruktionen dauerhaft <strong>standsicher<\/strong> ausgef\u00fchrt werden k\u00f6nnen \u2013 unabh\u00e4ngig davon, ob es sich um ein Einfamilienhaus, einen Hausbau, Gewerbebau oder Bestandsumbau handelt.<\/p>\n<p>Wenn Sie die Statik pr\u00fcfen lassen m\u00f6chten \u2013 beispielsweise vor einer Sanierung, einem Kauf oder Umbau \u2013, erstellen wir alle erforderlichen Unterlagen und Nachweise. Alle statischen Dokumentationen bereiten wir \u00fcbersichtlich und verst\u00e4ndlich auf, sodass Sie jederzeit den vollen \u00dcberblick behalten. Durch fachkundige Planung und klare Dokumentation schaffen wir die Grundlage f\u00fcr eine sichere und <strong>langfristig wirtschaftliche Bauausf\u00fchrung<\/strong>.<\/p>\n<\/div>\n<\/section>\n<\/div><\/section><\/div>\n<div class=\"flex_column av_one_half  flex_column_div av-zero-column-padding\" style='border-radius:0px; '><section class=\"av_textblock_section\"  itemscope=\"itemscope\" itemtype=\"https:\/\/schema.org\/CreativeWork\" ><div class='avia_textblock'   itemprop=\"text\" ><div>\n<h3>Experten f\u00fcr Sanierungskonzepte und Bauphysik<\/h3>\n<\/div>\n<section>\n<div>\n<p>Wenn Sie ein bestehendes Geb\u00e4ude modernisieren oder umbauen m\u00f6chten, unterst\u00fctzen wir Sie mit umfassenden Sanierungskonzepten und bautechnischen Bewertungen. Unsere Statiker erstellen Gutachten, Standsicherheitsbewertungen und Tragwerksanalysen, damit Sie f\u00fcr jede Entscheidung eine verl\u00e4ssliche Grundlage haben.<\/p>\n<p>Als qualifiziertes Ingenieurb\u00fcro sind wir berechtigt, bundesweit verschiedene <strong>bauphysikalische Nachweise<\/strong> zu erstellen. Dazu geh\u00f6ren:<\/p>\n<ul>\n<li>Architect plans (floor plans, sections, and elevations)<\/li>\n<li>Calculation of the gross volume<\/li>\n<li>Building classification<\/li>\n<\/ul>\n<p>Als versierte Bauingenieure und <strong>Statiker in Wiesbaden<\/strong> nehmen wir uns gerne auch Ihres Auftrags an und sorgen daf\u00fcr, dass Sie mit Ihrem neuen Haus oder Ihrer Gewerbeimmobilie absolut zufrieden sind.<\/p>\n<\/div>\n<\/section>\n<\/div><\/section><\/div>\n<div  class='hr hr-default'><span class='hr-inner' ><span class='hr-inner-style'><\/span><\/span><\/div>\n<div class=\"flex_column av_one_third  flex_column_div av-zero-column-padding first\" style='border-radius:0px; '><section class=\"av_textblock_section\"  itemscope=\"itemscope\" itemtype=\"https:\/\/schema.org\/CreativeWork\" ><div class='avia_textblock'   itemprop=\"text\" ><h1><\/h1>\n<\/div><\/section><br \/>\n<section class=\"av_textblock_section\"  itemscope=\"itemscope\" itemtype=\"https:\/\/schema.org\/CreativeWork\" ><div class='avia_textblock  av_inherit_color'  style='color:#384597; '  itemprop=\"text\" ><h5><\/h5>\n<h5 style=\"text-align: left;\">Do you need advice? Give us a call:<\/h5>\n<\/div><\/section><\/p><\/div>\n<div class=\"flex_column av_one_third  flex_column_div av-zero-column-padding\" style='border-radius:0px; '><div class='avia-button-wrap avia-button-left'><a href='tel:+4961158587780'  class='avia-button   avia-icon_select-yes-left-icon avia-color-theme-color avia-size-medium avia-position-left'   ><span class='avia_button_icon avia_button_icon_left' aria-hidden='true' data-av_icon='\ue854' data-av_iconfont='entypo-fontello'><\/span><span class='avia_iconbox_title' >+49 611 58587780<\/span><\/a><\/div><\/div>\n<div class=\"flex_column av_one_third  flex_column_div av-zero-column-padding\" style='border-radius:0px; '><\/div>\n<div class=\"flex_column av_one_third  flex_column_div av-zero-column-padding first\" style='border-radius:0px; '><section class=\"av_textblock_section\"  itemscope=\"itemscope\" itemtype=\"https:\/\/schema.org\/CreativeWork\" ><div class='avia_textblock'   itemprop=\"text\" ><h1><\/h1>\n<\/div><\/section><br \/>\n<section class=\"av_textblock_section\"  itemscope=\"itemscope\" itemtype=\"https:\/\/schema.org\/CreativeWork\" ><div class='avia_textblock  av_inherit_color'  style='color:#384597; '  itemprop=\"text\" ><h5 style=\"text-align: left;\">The best option is to send us an email:<\/h5>\n<\/div><\/section><\/p><\/div>\n<div class=\"flex_column av_one_third  flex_column_div av-zero-column-padding\" style='border-radius:0px; '><div class='avia-button-wrap avia-button-left'><a href='mailto:info@ib-riz.de'  class='avia-button   avia-icon_select-yes-left-icon avia-color-theme-color avia-size-medium avia-position-left'   ><span class='avia_button_icon avia_button_icon_left' aria-hidden='true' data-av_icon='\ue805' data-av_iconfont='entypo-fontello'><\/span><span class='avia_iconbox_title' >info@ib-riz.de<\/span><\/a><\/div><\/div>\n<div class=\"flex_column av_one_third  flex_column_div av-zero-column-padding\" style='border-radius:0px; '><\/div>\n<div class=\"flex_column av_one_full  flex_column_div av-zero-column-padding first\" style='border-radius:0px; '><section class=\"av_textblock_section\"  itemscope=\"itemscope\" itemtype=\"https:\/\/schema.org\/CreativeWork\" ><div class='avia_textblock'   itemprop=\"text\" ><h1><\/h1>\n<\/div><\/section><br \/>\n<div style='padding-bottom:10px; ' class='av-special-heading av-special-heading-h3'><h3 class='av-special-heading-tag'  itemprop=\"headline\"  >OUR LOCATIONS<\/h3><div class='special-heading-border'><div class='special-heading-inner-border' ><\/div><\/div><\/div><\/p><\/div>\n<div class=\"flex_column av_one_fifth  flex_column_div av-zero-column-padding first\" style='border-radius:0px; '><div class='avia-image-container  av-styling-  noHover  av-overlay-hover-deactivate   avia-align-center'  itemprop=\"ImageObject\" itemscope=\"itemscope\" itemtype=\"https:\/\/schema.org\/ImageObject\"  ><div class='avia-image-container-inner'><div class='avia-image-overlay-wrap'><a href='https:\/\/www.ib-riz.de\/en\/statiker-hamburg\/' class='avia_image'   target=\"_blank\" ><div class='av-image-caption-overlay'><div class='av-caption-image-overlay-bg' style='opacity:0.4; background-color:#000000; '><\/div><div class='av-image-caption-overlay-position'><div class='av-image-caption-overlay-center' style='color:#ffffff; '><p>Zum Standort Hamburg<\/p>\n<\/div><\/div><\/div><img class='avia_image' src='https:\/\/www.ib-riz.de\/wp-content\/uploads\/2023\/05\/hamburg-495x400.jpg' alt='Statiker in Hamburg' title='Hamburg'  itemprop=\"thumbnailUrl\"  \/><\/a><\/div><\/div><\/div><\/div><div class=\"flex_column av_one_fifth  flex_column_div av-zero-column-padding\" style='border-radius:0px; '><div class='avia-image-container  av-styling-  noHover  av-overlay-hover-deactivate   avia-align-center'  itemprop=\"ImageObject\" itemscope=\"itemscope\" itemtype=\"https:\/\/schema.org\/ImageObject\"  ><div class='avia-image-container-inner'><div class='avia-image-overlay-wrap'><a href='https:\/\/www.ib-riz.de\/en\/statiker-frankfurt\/' class='avia_image'   target=\"_blank\" ><div class='av-image-caption-overlay'><div class='av-caption-image-overlay-bg' style='opacity:0.4; background-color:#000000; '><\/div><div class='av-image-caption-overlay-position'><div class='av-image-caption-overlay-center' style='color:#ffffff; '><p>Zum Standort Frankfurt<\/p>\n<\/div><\/div><\/div><img class='avia_image' src='https:\/\/www.ib-riz.de\/wp-content\/uploads\/2023\/05\/frankfurt-495x400.jpg' alt='STATIKER IN FRANKFURT' title='Frankfurt'  itemprop=\"thumbnailUrl\"  \/><\/a><\/div><\/div><\/div><\/div><\/p>\n<div class=\"flex_column av_one_fifth  flex_column_div av-zero-column-padding\" style='border-radius:0px; '><div class='avia-image-container  av-styling-  noHover  av-overlay-hover-deactivate   avia-align-center'  itemprop=\"ImageObject\" itemscope=\"itemscope\" itemtype=\"https:\/\/schema.org\/ImageObject\"  ><div class='avia-image-container-inner'><div class='avia-image-overlay-wrap'><a href='https:\/\/www.ib-riz.de\/en\/statiker-muenchen\/' class='avia_image'   target=\"_blank\" ><div class='av-image-caption-overlay'><div class='av-caption-image-overlay-bg' style='opacity:0.4; background-color:#000000; '><\/div><div class='av-image-caption-overlay-position'><div class='av-image-caption-overlay-center' style='color:#ffffff; '><p>Zum Standort M\u00fcnchen<\/p>\n<\/div><\/div><\/div><img class='avia_image' src='https:\/\/www.ib-riz.de\/wp-content\/uploads\/2023\/05\/munchen-495x400.jpg' alt='STATIKER IN M\u00dcNCHEN' title='M\u00fcnchen'  itemprop=\"thumbnailUrl\"  \/><\/a><\/div><\/div><\/div><\/div><div class=\"flex_column av_one_fifth  flex_column_div av-zero-column-padding\" style='border-radius:0px; '><div class='avia-image-container  av-styling-  noHover  av-overlay-hover-deactivate   avia-align-center'  itemprop=\"ImageObject\" itemscope=\"itemscope\" itemtype=\"https:\/\/schema.org\/ImageObject\"  ><div class='avia-image-container-inner'><div class='avia-image-overlay-wrap'><a href='https:\/\/www.ib-riz.de\/en\/statiker-mainz\/' class='avia_image'   target=\"_blank\" ><div class='av-image-caption-overlay'><div class='av-caption-image-overlay-bg' style='opacity:0.4; background-color:#000000; '><\/div><div class='av-image-caption-overlay-position'><div class='av-image-caption-overlay-center' style='color:#ffffff; '><p>Zum Standort Mainz<\/p>\n<\/div><\/div><\/div><img class='avia_image' src='https:\/\/www.ib-riz.de\/wp-content\/uploads\/2023\/05\/mainz-495x400.jpg' alt='Statiker in Mainz' title='Mainz'  itemprop=\"thumbnailUrl\"  \/><\/a><\/div><\/div><\/div><\/div><div class=\"flex_column av_one_fifth  flex_column_div av-zero-column-padding\" style='border-radius:0px; '><div class='avia-image-container  av-styling-  noHover  av-overlay-hover-deactivate   avia-align-center'  itemprop=\"ImageObject\" itemscope=\"itemscope\" itemtype=\"https:\/\/schema.org\/ImageObject\"  ><div class='avia-image-container-inner'><div class='avia-image-overlay-wrap'><a href='https:\/\/www.ib-riz.de\/en\/statiker-berlin\/' class='avia_image'   target=\"_blank\" ><div class='av-image-caption-overlay'><div class='av-caption-image-overlay-bg' style='opacity:0.4; background-color:#000000; '><\/div><div class='av-image-caption-overlay-position'><div class='av-image-caption-overlay-center' style='color:#ffffff; '><p>Zum Standort Berlin<\/p>\n<\/div><\/div><\/div><img class='avia_image' src='https:\/\/www.ib-riz.de\/wp-content\/uploads\/2023\/05\/berlin-495x400.jpg' alt='Statiker in Berlin' title='Berlin'  itemprop=\"thumbnailUrl\"  \/><\/a><\/div><\/div><\/div><\/div><div class=\"flex_column av_one_full  flex_column_div av-zero-column-padding first\" style='border-radius:0px; '><\/div><\/p>","protected":false},"excerpt":{"rendered":"","protected":false},"author":2,"featured_media":0,"parent":0,"menu_order":1,"comment_status":"closed","ping_status":"closed","template":"","meta":{"footnotes":""},"class_list":["post-431","page","type-page","status-publish","hentry"],"_links":{"self":[{"href":"https:\/\/www.ib-riz.de\/en\/wp-json\/wp\/v2\/pages\/431","targetHints":{"allow":["GET"]}}],"collection":[{"href":"https:\/\/www.ib-riz.de\/en\/wp-json\/wp\/v2\/pages"}],"about":[{"href":"https:\/\/www.ib-riz.de\/en\/wp-json\/wp\/v2\/types\/page"}],"author":[{"embeddable":true,"href":"https:\/\/www.ib-riz.de\/en\/wp-json\/wp\/v2\/users\/2"}],"replies":[{"embeddable":true,"href":"https:\/\/www.ib-riz.de\/en\/wp-json\/wp\/v2\/comments?post=431"}],"version-history":[{"count":63,"href":"https:\/\/www.ib-riz.de\/en\/wp-json\/wp\/v2\/pages\/431\/revisions"}],"predecessor-version":[{"id":2429,"href":"https:\/\/www.ib-riz.de\/en\/wp-json\/wp\/v2\/pages\/431\/revisions\/2429"}],"wp:attachment":[{"href":"https:\/\/www.ib-riz.de\/en\/wp-json\/wp\/v2\/media?parent=431"}],"curies":[{"name":"wp","href":"https:\/\/api.w.org\/{rel}","templated":true}]}}