{"id":1683,"date":"2020-06-21T16:52:10","date_gmt":"2020-06-21T14:52:10","guid":{"rendered":"http:\/\/www.ib-riz.de\/leistungen\/baustatik\/statiker-im-muenchen-copy\/"},"modified":"2023-08-12T17:12:32","modified_gmt":"2023-08-12T15:12:32","slug":"statiker-berlin","status":"publish","type":"page","link":"https:\/\/www.ib-riz.de\/en\/statiker-berlin\/","title":{"rendered":"Statiker Berlin"},"content":{"rendered":"<div class=\"flex_column av_one_full  flex_column_div av-zero-column-padding first\" style='border-radius:0px; '><div  data-autoplay='true'  data-interval='4'  data-animation='slide'  data-show_slide_delay='30'  class='avia-content-slider-element-container avia-content-slider-element-slider avia-content-slider avia-smallarrow-slider avia-content-slider-active avia-content-slider1 avia-content-slider-odd  av_inherit_color'  style=' color:#384597; '><div class='avia-smallarrow-slider-heading  no-content-slider-navigation  no-content-slider-heading'><div class='new-special-heading'>&nbsp;<\/div><\/div><div class='avia-content-slider-inner'><div class='slide-entry-wrap'><section class='slide-entry flex_column post-entry slide-entry-overview slide-loop-1 slide-parity-odd  post-entry-last  av_fullwidth first'  itemscope=\"itemscope\" itemtype=\"https:\/\/schema.org\/CreativeWork\" ><h3 class='slide-entry-title entry-title'  itemprop=\"headline\" >Statiker in Berlin<\/h3><\/section><\/div><\/div><\/div><\/div><div class=\"flex_column av_one_full  flex_column_div av-zero-column-padding first\" style='border-radius:0px; '><section class=\"av_textblock_section\"  itemscope=\"itemscope\" itemtype=\"https:\/\/schema.org\/CreativeWork\" ><div class='avia_textblock'   itemprop=\"text\" ><p><strong>Ihr Ingenieurb\u00fcro f\u00fcr Berlin: transparent, kundenorientiert und leistungsstark<\/strong><\/p>\n<p>Fachliches Know-How und wirtschaftliches Denken bilden die Grundlagen des Ingenieurb\u00fcros f\u00fcr Bauwesen.<\/p>\n<p><em>\u201eRIZ steht f\u00fcr Transparenz, enge pers\u00f6nliche Betreuung, Zuverl\u00e4ssigkeit und Termintreue. Unsere L\u00f6sungen bauen auf Qualit\u00e4t und der Leidenschaft unserer Ingenieure, aus Ideen Bauwerke zu schaffen\u201c.<\/em><\/p>\n<p>Das Team aus Statikern und Konstrukteuren weist jahrelange Erfahrung in Tragwerksplanung sowie dem Erstellen von Gutachten und Nachweisen auf. Ob Massiv-, Holz-, oder Industriebau, RIZ koordiniert Ihr Projekt in Berlin und ganz Deutschland.<\/p>\n<p><strong>Enge Zusammenarbeit und fundierte Beratung<\/strong><\/p>\n<p>Das Ingenieurb\u00fcro begleitet Ihr Vorhaben w\u00e4hrend aller Etappen des Baus. Im Planungsstadium erm\u00f6glicht eine genaue Tragwerksplanung gro\u00dfe Kostenersparnisse, da mit Hilfe der akkuraten baustatischen Berechnung unserer Statiker der Kostenfaktor Materialien deutlich gesenkt werden kann. Unsere Tragwerksplaner haben langj\u00e4hrige Erfahrung mit Budgetplanung und der Entwicklung wirtschaftlicher Konzepte, sodass weder exorbitante noch unerwartete Aufw\u00e4nde auf Sie zukommen.<\/p>\n<p>In enger Zusammenarbeit mit Architekten und andern Fachplanern sorgen wir daf\u00fcr, dass die Vision unserer Auftraggeber genau umgesetzt wird. Das kontrollieren wir auch: unsere Tragwerksplaner \u00fcberpr\u00fcfen die Bauarbeiten regelm\u00e4\u00dfig. Daf\u00fcr sind unsere Statiker f\u00fcr Sie vor Ort in Berlin und ganz Deutschland.<\/p>\n<p><strong>Auf unsere Expertise k\u00f6nnen Sie bauen \u2013 in Berlin und deutschlandweit<\/strong><\/p>\n<p>Unsere <a href=\"https:\/\/www.ib-riz.de\/en\/leistungen\/\">Services<\/a> umfassen:<\/p>\n<table>\n<tbody>\n<tr>\n<td width=\"201\">Tragwerksplanung in Hoch- und Tiefbau<\/td>\n<td width=\"201\">Sanierungen\/ Umbauten sowie Neubauten<\/td>\n<td width=\"201\">Wirtschaftliche L\u00f6sungen<\/p>\n<p>und kreative Konzepte<\/td>\n<\/tr>\n<tr>\n<td width=\"201\">Erstellung von Gutachten<\/td>\n<td width=\"201\">Kontinuierliche Bau\u00fcberwachung<\/td>\n<td width=\"201\">pers\u00f6nliche Betreuung und Sicherheit<\/td>\n<\/tr>\n<tr>\n<td width=\"201\">Bauphysikalische<\/p>\n<p>Nachweise<\/td>\n<td width=\"201\">Akribische<\/p>\n<p>Projektsteuerung<\/td>\n<td width=\"201\">Termintreue und Transparenz<\/td>\n<\/tr>\n<\/tbody>\n<\/table>\n<p><strong>\u00dcber uns<\/strong><\/p>\n<p>Wenn Sie sich ein Bild von unserer Arbeit als Tragwerksplaner machen m\u00f6chten, schauen Sie bei unseren Referenzen vorbei. F\u00fcr Ihr Bauvorhaben in Berlin stellen wir gerne einen Statiker bereit, der Sie f\u00fcr die Projektdauer vor Ort betreut. Die Mannschaft des inhabergef\u00fchrten Ingenieurb\u00fcros besteht seit der Gr\u00fcndung in 2015 aus erfahrenen Statikern und kundigen Fachplanern, die mit modernster Technik und Software ausgestattet sind. RIZ sitzt in der N\u00e4he von Frankfurt, ist aber in der gesamten Bundesrepublik, zum Beispiel in Berlin und M\u00fcnchen t\u00e4tig.<\/p>\n<\/div><\/section><\/div><\/p>\n<div  class='hr hr-default'><span class='hr-inner' ><span class='hr-inner-style'><\/span><\/span><\/div>\n<div class=\"flex_column av_one_third  flex_column_div av-zero-column-padding first\" style='border-radius:0px; '><section class=\"av_textblock_section\"  itemscope=\"itemscope\" itemtype=\"https:\/\/schema.org\/CreativeWork\" ><div class='avia_textblock  av_inherit_color'  style='color:#384597; '  itemprop=\"text\" ><h6><strong>Rufen Sie uns an, wir beraten Sie gerne:<\/strong><\/h6>\n<\/div><\/section><\/div>\n<div class=\"flex_column av_one_third  flex_column_div av-zero-column-padding\" style='border-radius:0px; '><section class=\"av_textblock_section\"  itemscope=\"itemscope\" itemtype=\"https:\/\/schema.org\/CreativeWork\" ><div class='avia_textblock  av_inherit_color'  style='color:#384597; '  itemprop=\"text\" ><h6><strong>0611 &#8211; 58587780<\/strong><\/h6>\n<\/div><\/section><\/div>\n<div class=\"flex_column av_one_third  flex_column_div av-zero-column-padding\" style='border-radius:0px; '><section class=\"av_textblock_section\"  itemscope=\"itemscope\" itemtype=\"https:\/\/schema.org\/CreativeWork\" ><div class='avia_textblock'   itemprop=\"text\" ><\/div><\/section><\/div>\n<div class=\"flex_column av_one_third  flex_column_div av-zero-column-padding first\" style='border-radius:0px; '><section class=\"av_textblock_section\"  itemscope=\"itemscope\" itemtype=\"https:\/\/schema.org\/CreativeWork\" ><div class='avia_textblock  av_inherit_color'  style='color:#384597; '  itemprop=\"text\" ><h6><strong>oder schicken Sie uns eine E-Mail:<\/strong><\/h6>\n<\/div><\/section><\/div>\n<div class=\"flex_column av_one_third  flex_column_div av-zero-column-padding\" style='border-radius:0px; '><section class=\"av_textblock_section\"  itemscope=\"itemscope\" itemtype=\"https:\/\/schema.org\/CreativeWork\" ><div class='avia_textblock  av_inherit_color'  style='color:#384597; '  itemprop=\"text\" ><h6><strong>info@ib-riz.de<\/strong><\/h6>\n<\/div><\/section><\/div>\n<div class=\"flex_column av_one_third  flex_column_div av-zero-column-padding\" style='border-radius:0px; '><\/div>","protected":false},"excerpt":{"rendered":"","protected":false},"author":2,"featured_media":0,"parent":1621,"menu_order":1,"comment_status":"closed","ping_status":"closed","template":"","meta":{"footnotes":""},"class_list":["post-1683","page","type-page","status-publish","hentry"],"_links":{"self":[{"href":"https:\/\/www.ib-riz.de\/en\/wp-json\/wp\/v2\/pages\/1683","targetHints":{"allow":["GET"]}}],"collection":[{"href":"https:\/\/www.ib-riz.de\/en\/wp-json\/wp\/v2\/pages"}],"about":[{"href":"https:\/\/www.ib-riz.de\/en\/wp-json\/wp\/v2\/types\/page"}],"author":[{"embeddable":true,"href":"https:\/\/www.ib-riz.de\/en\/wp-json\/wp\/v2\/users\/2"}],"replies":[{"embeddable":true,"href":"https:\/\/www.ib-riz.de\/en\/wp-json\/wp\/v2\/comments?post=1683"}],"version-history":[{"count":0,"href":"https:\/\/www.ib-riz.de\/en\/wp-json\/wp\/v2\/pages\/1683\/revisions"}],"up":[{"embeddable":true,"href":"https:\/\/www.ib-riz.de\/en\/wp-json\/wp\/v2\/pages\/1621"}],"wp:attachment":[{"href":"https:\/\/www.ib-riz.de\/en\/wp-json\/wp\/v2\/media?parent=1683"}],"curies":[{"name":"wp","href":"https:\/\/api.w.org\/{rel}","templated":true}]}}