{"id":1680,"date":"2020-06-21T16:49:14","date_gmt":"2020-06-21T14:49:14","guid":{"rendered":"http:\/\/www.ib-riz.de\/leistungen\/baustatik\/statiker-im-muenchen-copy\/"},"modified":"2023-08-12T17:14:30","modified_gmt":"2023-08-12T15:14:30","slug":"statiker-hamburg","status":"publish","type":"page","link":"https:\/\/www.ib-riz.de\/en\/statiker-hamburg\/","title":{"rendered":"Statiker Hamburg"},"content":{"rendered":"<div class=\"flex_column av_one_full  flex_column_div av-zero-column-padding first\" style='border-radius:0px; '><div  data-autoplay='true'  data-interval='4'  data-animation='slide'  data-show_slide_delay='30'  class='avia-content-slider-element-container avia-content-slider-element-slider avia-content-slider avia-smallarrow-slider avia-content-slider-active avia-content-slider1 avia-content-slider-odd  av_inherit_color'  style=' color:#384597; '><div class='avia-smallarrow-slider-heading  no-content-slider-navigation  no-content-slider-heading'><div class='new-special-heading'>&nbsp;<\/div><\/div><div class='avia-content-slider-inner'><div class='slide-entry-wrap'><section class='slide-entry flex_column post-entry slide-entry-overview slide-loop-1 slide-parity-odd  post-entry-last  av_fullwidth first'  itemscope=\"itemscope\" itemtype=\"https:\/\/schema.org\/CreativeWork\" ><h3 class='slide-entry-title entry-title'  itemprop=\"headline\" >Statiker in Hamburg<\/h3><\/section><\/div><\/div><\/div><\/div><div class=\"flex_column av_one_full  flex_column_div av-zero-column-padding first\" style='border-radius:0px; '><section class=\"av_textblock_section\"  itemscope=\"itemscope\" itemtype=\"https:\/\/schema.org\/CreativeWork\" ><div class='avia_textblock'   itemprop=\"text\" ><p><strong>RIZ- Ihr Team aus erfahrenen Statikern\/ Tragwerksplanern in Hamburg<\/strong><\/p>\n<p>Als erfahrenes Ingenieurb\u00fcro sind wir Ihr versierter Partner f\u00fcr Tragwerksplanung in Hoch- und Tiefbau. Au\u00dferdem erstellen wir verschiedenste Gutachten und Nachweise f\u00fcr unsere Auftraggeber. Unser qualifiziertes Team aus Ingenieuren und Fachplanern betreut Ihr Bauprojekt in Hamburg und der ganzen Bundesrepublik. Die Statiker und Konstrukteure begleiten dabei den gesamten Bauprozess von Anfang an. Sowohl Instandsetzungen als auch Neubauten fallen gleicherma\u00dfen in unsere Expertise. So erstellen wir beispielweise Sanierungsgutachten und erarbeiten gemeinsam mit unseren Auftraggebern nachhaltige Konzepte f\u00fcr Bestandsbauten. Qualitativ hochwertige und kosteng\u00fcnstige L\u00f6sungen sind dabei unser Leistungsversprechen. Selbstverst\u00e4ndlich liefern wir stets fristgerecht und nach aktuellen rechtlichen Bestimmungen ab. Ob Hamburg oder K\u00f6ln, unsere Tragwerksplaner sind jederzeit pers\u00f6nlich und telefonisch f\u00fcr Sie erreichbar.<\/p>\n<p><strong>Das sind wir <\/strong><\/p>\n<p>RIZ wurde 2015 von dem beratendem Ingenieur Roosbeh Zadeh gegr\u00fcndet. Seitdem ist das Team aus Tragwerks- und Fachplanern auf Wachstumskurs. Viele erfolgreich abgewickelte Projekte bilden unser ansehnliches Referenzportfolio. Die jahrzehntelange Erfahrung und exzellente Fachkenntnisse der Mitarbeiter bilden dabei das Fundament des Ingenieurb\u00fcros f\u00fcr Bauwesen. Unsere Mitarbeiter greifen auf einen Pool an professioneller Soft- und Hardware zu. Der Gesch\u00e4ftsf\u00fchrer unterst\u00fctzt sie au\u00dferdem dabei sich weiterzubilden und sich neues Fachwissen anzueignen.<\/p>\n<p>Zu unseren Leistungen als Tragwerksplaner geh\u00f6ren der Massiv-, Stahl-, und Holzbau. Unsere Statiker liefern akkurate baustatische Berechnungen sowie Bewehrungs-, Schal- und Konstruktionspl\u00e4ne. Wir erstellen dar\u00fcber hinaus bauphysikalische Nachweise sowie Sanierungs- Standsicherheits-, und Instandsetzungsgutachten. F\u00fcr Ihr Bauprojekt in Hamburg stehen wir Ihnen gerne als versierte Ingenieure zur Verf\u00fcgung- sprechen Sie uns an.<\/p>\n<p><strong>Vor Ort in Hamburg<\/strong><\/p>\n<p>RIZ hat seinen Sitz in der Mitte Deutschlands, ist aber im gesamten Land, beispielsweise in Hamburg und M\u00fcnchen, aktiv. Regelm\u00e4\u00dfig pr\u00fcfen unsere Statiker das Fortschreiten der Bauarbeiten vor Ort und sind f\u00fcr Pr\u00e4senztermine pers\u00f6nlich f\u00fcr Sie da. Bei gr\u00f6\u00dferen Bauvorhaben entsenden wir einen Tragwerksplaner nach Hamburg, welcher den gesamten Prozess vor Ort begleitet. Wir arbeiten jederzeit eng mit unseren Auftraggebern, zu denen \u00f6ffentliche Tr\u00e4ger, Unternehmen und Privatpersonen z\u00e4hlen, zusammen. Die Statiker und Konstrukteure stehen zudem im engen Austausch mit Architekten und weiteren Fachplanern. So kann gew\u00e4hrleitet werden, dass die Auftraggeber ihre Ideen und Vorstellungen in den Bauwerken umgesetzt finden.<\/p>\n<\/div><\/section><\/div><\/p>\n<div  class='hr hr-default'><span class='hr-inner' ><span class='hr-inner-style'><\/span><\/span><\/div>\n<div class=\"flex_column av_one_third  flex_column_div av-zero-column-padding first\" style='border-radius:0px; '><section class=\"av_textblock_section\"  itemscope=\"itemscope\" itemtype=\"https:\/\/schema.org\/CreativeWork\" ><div class='avia_textblock  av_inherit_color'  style='color:#384597; '  itemprop=\"text\" ><h6><strong>Rufen Sie uns an, wir beraten Sie gerne:<\/strong><\/h6>\n<\/div><\/section><\/div>\n<div class=\"flex_column av_one_third  flex_column_div av-zero-column-padding\" style='border-radius:0px; '><section class=\"av_textblock_section\"  itemscope=\"itemscope\" itemtype=\"https:\/\/schema.org\/CreativeWork\" ><div class='avia_textblock  av_inherit_color'  style='color:#384597; '  itemprop=\"text\" ><h6><strong>0611 &#8211; 58587780<\/strong><\/h6>\n<\/div><\/section><\/div>\n<div class=\"flex_column av_one_third  flex_column_div av-zero-column-padding\" style='border-radius:0px; '><section class=\"av_textblock_section\"  itemscope=\"itemscope\" itemtype=\"https:\/\/schema.org\/CreativeWork\" ><div class='avia_textblock'   itemprop=\"text\" ><\/div><\/section><\/div>\n<div class=\"flex_column av_one_third  flex_column_div av-zero-column-padding first\" style='border-radius:0px; '><section class=\"av_textblock_section\"  itemscope=\"itemscope\" itemtype=\"https:\/\/schema.org\/CreativeWork\" ><div class='avia_textblock  av_inherit_color'  style='color:#384597; '  itemprop=\"text\" ><h6><strong>oder schicken Sie uns eine E-Mail:<\/strong><\/h6>\n<\/div><\/section><\/div>\n<div class=\"flex_column av_one_third  flex_column_div av-zero-column-padding\" style='border-radius:0px; '><section class=\"av_textblock_section\"  itemscope=\"itemscope\" itemtype=\"https:\/\/schema.org\/CreativeWork\" ><div class='avia_textblock  av_inherit_color'  style='color:#384597; '  itemprop=\"text\" ><h6><strong>info@ib-riz.de<\/strong><\/h6>\n<\/div><\/section><\/div>\n<div class=\"flex_column av_one_third  flex_column_div av-zero-column-padding\" style='border-radius:0px; '><\/div>","protected":false},"excerpt":{"rendered":"","protected":false},"author":2,"featured_media":0,"parent":1621,"menu_order":1,"comment_status":"closed","ping_status":"closed","template":"","meta":{"footnotes":""},"class_list":["post-1680","page","type-page","status-publish","hentry"],"_links":{"self":[{"href":"https:\/\/www.ib-riz.de\/en\/wp-json\/wp\/v2\/pages\/1680","targetHints":{"allow":["GET"]}}],"collection":[{"href":"https:\/\/www.ib-riz.de\/en\/wp-json\/wp\/v2\/pages"}],"about":[{"href":"https:\/\/www.ib-riz.de\/en\/wp-json\/wp\/v2\/types\/page"}],"author":[{"embeddable":true,"href":"https:\/\/www.ib-riz.de\/en\/wp-json\/wp\/v2\/users\/2"}],"replies":[{"embeddable":true,"href":"https:\/\/www.ib-riz.de\/en\/wp-json\/wp\/v2\/comments?post=1680"}],"version-history":[{"count":0,"href":"https:\/\/www.ib-riz.de\/en\/wp-json\/wp\/v2\/pages\/1680\/revisions"}],"up":[{"embeddable":true,"href":"https:\/\/www.ib-riz.de\/en\/wp-json\/wp\/v2\/pages\/1621"}],"wp:attachment":[{"href":"https:\/\/www.ib-riz.de\/en\/wp-json\/wp\/v2\/media?parent=1680"}],"curies":[{"name":"wp","href":"https:\/\/api.w.org\/{rel}","templated":true}]}}