{"id":1675,"date":"2020-06-21T16:47:20","date_gmt":"2020-06-21T14:47:20","guid":{"rendered":"http:\/\/www.ib-riz.de\/leistungen\/baustatik\/statiker-im-muenchen-copy\/"},"modified":"2025-11-30T19:07:24","modified_gmt":"2025-11-30T18:07:24","slug":"ingenieurbuero-riz-3","status":"publish","type":"page","link":"https:\/\/www.ib-riz.de\/en\/statiker-mainz\/","title":{"rendered":"Statiker Mainz"},"content":{"rendered":"<\/div><\/div><\/div><!-- close content main div --><\/div><\/div><div id='av_section_1' class='avia-section main_color avia-section-default avia-no-border-styling avia-bg-style-fixed   av-minimum-height av-minimum-height-50 container_wrap fullsize' style = 'background-repeat: no-repeat; background-image: url(https:\/\/www.ib-riz.de\/wp-content\/uploads\/2023\/05\/mainz-1500x430.jpg);background-attachment: fixed; background-position: center center; ' data-section-bg-repeat='no-repeat' ><div class='container' ><div class='template-page content  av-content-full alpha units'><div class='post-entry post-entry-type-page post-entry-1675'><div class='entry-content-wrapper clearfix'>\n<div class=\"flex_column av_one_fifth  flex_column_div av-zero-column-padding first\" style='border-radius:0px; '><\/div><div class=\"flex_column av_three_fifth  flex_column_div av-zero-column-padding\" style='background: rgba(255,255,255,0.85); background-color:rgba(255,255,255,0.85); border-radius:0px; '><div style='padding-bottom:10px; color:#1e7fe8;' class='av-special-heading av-special-heading-h1 custom-color-heading blockquote modern-quote modern-centered'><h1 class='av-special-heading-tag'  itemprop=\"headline\"  >Ihr Statiker in Mainz: Ingenieurb\u00fcro f\u00fcr Tragwerksplanung und Baustatik<\/h1><div class='special-heading-border'><div class='special-heading-inner-border' style='border-color:#1e7fe8'><\/div><\/div><\/div><\/div><div class=\"flex_column av_one_fifth  flex_column_div av-zero-column-padding\" style='border-radius:0px; '><\/div><div class=\"flex_column av_one_full  flex_column_div av-zero-column-padding first\" style='border-radius:0px; '><section class=\"av_textblock_section\"  itemscope=\"itemscope\" itemtype=\"https:\/\/schema.org\/CreativeWork\" ><div class='avia_textblock'   itemprop=\"text\" ><h3>Ihr Ingenieurb\u00fcro f\u00fcr Statik in Mainz \u2013 fachkundig, erfahren und zuverl\u00e4ssig<\/h3>\n<p>Unser Ingenieurb\u00fcro unterst\u00fctzt Bauherren, Architekten und Unternehmen in Mainz bei Neubau, Umbau und Sanierung. Seit 2015 entwickeln unsere Statiker tragf\u00e4hige, wirtschaftliche und normgerechte L\u00f6sungen f\u00fcr Wohngeb\u00e4ude, Einfamilienh\u00e4user, Mehrfamilienh\u00e4user, Gewerbebauten und Industrieanlagen. Mit langj\u00e4hriger Erfahrung im Massivbau, Stahlbau und Bauen im Bestand erstellen wir pr\u00e4zise statische Berechnungen und sorgen f\u00fcr sichere, zukunftsf\u00e4hige Konstruktionen.<\/p>\n<p><strong>Gerne k\u00f6nnen Sie bei uns Ihre Statik berechnen lassen.<\/strong><\/p>\n<h3>Ihr Tragwerksplaner in Mainz vor Ort \u2013 pers\u00f6nlich &amp; projektbegleitend<\/h3>\n<p>Dank unseres Standorts in der N\u00e4he von Mainz k\u00f6nnen wir Baustellenbegehungen und Abstimmungstermine kurzfristig durchf\u00fchren. Unsere Statiker begleiten Ihr Projekt vom ersten Entwurf bis zur Abnahme und stimmen sich eng mit Architekten, Fachplanern und dem Bauherrn ab. Durch diese enge Zusammenarbeit stellen wir sicher, dass Ihre Anforderungen vollst\u00e4ndig ber\u00fccksichtigt werden und Sie von wirtschaftlichen, praxistauglichen L\u00f6sungen profitieren.<\/p>\n<p><strong>Sprechen Sie uns an, wenn Sie einen Tragwerksplaner in Mainz suchen oder ein Gutachten f\u00fcr Statik ben\u00f6tigen.<\/strong><\/p>\n<h3>Leistungsbereiche \u2013 Ingenieurb\u00fcro f\u00fcr Tragwerksplanung, Baustatik &amp; Gutachten<\/h3>\n<p>Wir betreuen Neubauten ebenso wie Umbauten und Sanierungen im Bestand. Kern unserer Arbeit ist die Tragwerksplanung, die durch optimierten Materialeinsatz erhebliche Kostenvorteile bieten kann. Zur Tragwerksplanung geh\u00f6ren statischen Berechnungen, Schal- und Bewehrungspl\u00e4ne, in deren Erstellung wir langj\u00e4hrige Erfahrung haben. S\u00e4mtliche erbrachte Leistung gen\u00fcgt selbstverst\u00e4ndlich jederzeit den g\u00fcltigen rechtlichen Vorgaben.<\/p>\n<table style=\"height: 116px;\" width=\"5\">\n<tbody>\n<tr>\n<th>Structural Engineering<\/th>\n<th>Building Physics<\/th>\n<th>Expert Report<\/th>\n<\/tr>\n<tr>\n<td width=\"201\">Massivbau<\/td>\n<td width=\"201\">Architect plans (floor plans, sections, and elevations)<\/td>\n<td width=\"201\">Structural Stability Assessment<\/td>\n<\/tr>\n<tr>\n<td width=\"201\">Stahlbau<\/td>\n<td width=\"201\">Calculation of the gross volume<\/td>\n<td width=\"201\">Renovation Assessment<\/td>\n<\/tr>\n<tr>\n<td width=\"201\">Holzbau<\/td>\n<td width=\"201\">Building classification<\/td>\n<td width=\"201\">Refurbishment Report<\/td>\n<\/tr>\n<tr>\n<td width=\"201\">Konstruktiver Brandschutz<\/td>\n<td width=\"201\"><\/td>\n<td width=\"201\"><\/td>\n<\/tr>\n<\/tbody>\n<\/table>\n<h3>Erfahrene Bauingenieure &amp; moderne Arbeitsweise<\/h3>\n<p>nser Ingenieurb\u00fcro wurde 2015 von Bauingenieur Roosbeh Zadeh gegr\u00fcndet. Das Team aus erfahrenen Konstrukteuren und Statikern verf\u00fcgt \u00fcber jahrzehntelange Berufserfahrung. Mit aktueller Software und professioneller Ausstattung erstellen wir statische Nachweise pr\u00e4zise, nachvollziehbar und effizient \u2013 f\u00fcr sichere und langlebige Bauwerke.<\/p>\n<p><strong>Sprechen Sie jetzt mit Ihrem Statiker Mainz und fordern Sie ein Angebot an.<\/strong><\/p>\n<\/div><\/section><\/div><div  class='hr hr-default'><span class='hr-inner' ><span class='hr-inner-style'><\/span><\/span><\/div><\/p>\n<div class=\"flex_column av_one_third  flex_column_div av-zero-column-padding first\" style='border-radius:0px; '><section class=\"av_textblock_section\"  itemscope=\"itemscope\" itemtype=\"https:\/\/schema.org\/CreativeWork\" ><div class='avia_textblock  av_inherit_color'  style='color:#384597; '  itemprop=\"text\" ><h6><strong>Rufen Sie uns an, wir beraten Sie gerne:<\/strong><\/h6>\n<\/div><\/section><\/div>\n<div class=\"flex_column av_one_third  flex_column_div av-zero-column-padding\" style='border-radius:0px; '><div class='avia-button-wrap avia-button-center'><a href='tel:061158587780'  class='avia-button   avia-icon_select-yes-left-icon avia-color-theme-color avia-size-small avia-position-center'   ><span class='avia_button_icon avia_button_icon_left' aria-hidden='true' data-av_icon='\ue854' data-av_iconfont='entypo-fontello'><\/span><span class='avia_iconbox_title' >0611 58587780<\/span><\/a><\/div><\/div>\n<div class=\"flex_column av_one_third  flex_column_div av-zero-column-padding\" style='border-radius:0px; '><section class=\"av_textblock_section\"  itemscope=\"itemscope\" itemtype=\"https:\/\/schema.org\/CreativeWork\" ><div class='avia_textblock'   itemprop=\"text\" ><\/div><\/section><\/div>\n<div class=\"flex_column av_one_third  flex_column_div av-zero-column-padding first\" style='border-radius:0px; '><section class=\"av_textblock_section\"  itemscope=\"itemscope\" itemtype=\"https:\/\/schema.org\/CreativeWork\" ><div class='avia_textblock  av_inherit_color'  style='color:#384597; '  itemprop=\"text\" ><h6><strong>oder schicken Sie uns eine E-Mail:<\/strong><\/h6>\n<\/div><\/section><\/div>\n<div class=\"flex_column av_one_third  flex_column_div av-zero-column-padding\" style='border-radius:0px; '><div class='avia-button-wrap avia-button-center'><a href='mailto:info@ib-riz.de'  class='avia-button   avia-icon_select-yes-left-icon avia-color-theme-color avia-size-small avia-position-center'   ><span class='avia_button_icon avia_button_icon_left' aria-hidden='true' data-av_icon='\ue805' data-av_iconfont='entypo-fontello'><\/span><span class='avia_iconbox_title' >info@ib-riz.de<\/span><\/a><\/div><\/div>\n<div class=\"flex_column av_one_third  flex_column_div av-zero-column-padding\" style='border-radius:0px; '><\/div>","protected":false},"excerpt":{"rendered":"","protected":false},"author":2,"featured_media":0,"parent":0,"menu_order":1,"comment_status":"closed","ping_status":"closed","template":"","meta":{"footnotes":""},"class_list":["post-1675","page","type-page","status-publish","hentry"],"_links":{"self":[{"href":"https:\/\/www.ib-riz.de\/en\/wp-json\/wp\/v2\/pages\/1675","targetHints":{"allow":["GET"]}}],"collection":[{"href":"https:\/\/www.ib-riz.de\/en\/wp-json\/wp\/v2\/pages"}],"about":[{"href":"https:\/\/www.ib-riz.de\/en\/wp-json\/wp\/v2\/types\/page"}],"author":[{"embeddable":true,"href":"https:\/\/www.ib-riz.de\/en\/wp-json\/wp\/v2\/users\/2"}],"replies":[{"embeddable":true,"href":"https:\/\/www.ib-riz.de\/en\/wp-json\/wp\/v2\/comments?post=1675"}],"version-history":[{"count":3,"href":"https:\/\/www.ib-riz.de\/en\/wp-json\/wp\/v2\/pages\/1675\/revisions"}],"predecessor-version":[{"id":2428,"href":"https:\/\/www.ib-riz.de\/en\/wp-json\/wp\/v2\/pages\/1675\/revisions\/2428"}],"wp:attachment":[{"href":"https:\/\/www.ib-riz.de\/en\/wp-json\/wp\/v2\/media?parent=1675"}],"curies":[{"name":"wp","href":"https:\/\/api.w.org\/{rel}","templated":true}]}}