{"id":1671,"date":"2020-06-21T16:39:23","date_gmt":"2020-06-21T14:39:23","guid":{"rendered":"http:\/\/www.ib-riz.de\/leistungen\/baustatik\/statiker-im-frankfurt-copy\/"},"modified":"2023-08-12T17:17:07","modified_gmt":"2023-08-12T15:17:07","slug":"statiker-muenchen","status":"publish","type":"page","link":"https:\/\/www.ib-riz.de\/en\/statiker-muenchen\/","title":{"rendered":"Statiker M\u00fcnchen"},"content":{"rendered":"<div class=\"flex_column av_one_full  flex_column_div av-zero-column-padding first\" style='border-radius:0px; '><div  data-autoplay='true'  data-interval='4'  data-animation='slide'  data-show_slide_delay='30'  class='avia-content-slider-element-container avia-content-slider-element-slider avia-content-slider avia-smallarrow-slider avia-content-slider-active avia-content-slider1 avia-content-slider-odd  av_inherit_color'  style=' color:#384597; '><div class='avia-smallarrow-slider-heading  no-content-slider-navigation  no-content-slider-heading'><div class='new-special-heading'>&nbsp;<\/div><\/div><div class='avia-content-slider-inner'><div class='slide-entry-wrap'><section class='slide-entry flex_column post-entry slide-entry-overview slide-loop-1 slide-parity-odd  post-entry-last  av_fullwidth first'  itemscope=\"itemscope\" itemtype=\"https:\/\/schema.org\/CreativeWork\" ><h3 class='slide-entry-title entry-title'  itemprop=\"headline\" >Statiker in M\u00fcnchen<\/h3><\/section><\/div><\/div><\/div><\/div><div class=\"flex_column av_one_full  flex_column_div av-zero-column-padding first\" style='border-radius:0px; '><section class=\"av_textblock_section\"  itemscope=\"itemscope\" itemtype=\"https:\/\/schema.org\/CreativeWork\" ><div class='avia_textblock'   itemprop=\"text\" ><p><strong>Statik\/ Tragwerksplanung in M\u00fcnchen<\/strong><\/p>\n<p>RIZ, das Ingenieurb\u00fcro f\u00fcr Bauwesen ist deutschlandweit, von Hamburg bis M\u00fcnchen, Ihr kompetenter Partner f\u00fcr Tragwerksplanung. Das Leistungsspektrum umfasst Wohnungs- Industrie- sowie Stahlbau. Ob es sich bei Ihrem Projekt um eine Sanierung oder einen Neubau handelt, die Statiker des Ingenieurb\u00fcros stehen Ihnen fachkundig in M\u00fcnchen und bundesweit zur Seite.<\/p>\n<p>Durch die akkuraten baustatischen Berechnungen der Tragwerksplaner lassen sich bereits mit der initialen Konzeption Kostenersparnisse realisieren, beispielsweise die Materialausgaben reduzieren. Die enge Zusammenarbeit mit Architekten und Fachplanern tr\u00e4gt daf\u00fcr Sorge, dass die Ideen und Vorstellungen der Bauherren m\u00f6glichst exakt umgesetzt werden. Die Auftraggeber sch\u00e4tzen das Ingenieurb\u00fcro f\u00fcr Bauwesen dar\u00fcber hinaus f\u00fcr Termintreue, akkurate Planung und wirtschaftliche Umsetzung.<\/p>\n<p><strong>Das Leistungsspektrum des Ingenieurb\u00fcros: Tragwerksplanung, Nachweise und Gutachten<\/strong><\/p>\n<p>Das Leistungsspektrum umfasst statische Berechnungen sowie die Erstellung von Schal- Bewehrungs- und Konstruktionspl\u00e4nen. RIZ ist zudem berechtigt bauphysikalische Nachweise wie W\u00e4rmeschutznachweise, Energiep\u00e4sse, Schallschutz- und Brandschutznachweise zu erbringen. Ferner geh\u00f6rt zum Leistungsportfolio die Erstellung von Standsicherheits-, Sanierungs- und Instandsetzungsgutachten. Informieren Sie sich <a href=\"https:\/\/www.ib-riz.de\/en\/leistungen\/\">hier<\/a> \u00fcber das Leistungsportfolio des Ingenieurb\u00fcros.<\/p>\n<p><strong>M\u00fcnchen und bundesweit f\u00fcr Sie vor Ort<\/strong><\/p>\n<p>Das Projektteam aus erfahrenen Statikern und Konstrukteuren begleitet Ihr Bauvorhaben deutschlandweit, ob in M\u00fcnchen oder im Norden des Landes. Dabei stellt das Ingenieurb\u00fcro einen festen Ansprechpartner bereit, der Ihr Projekt von der ersten Planung bis zur Bauabnahme begleitet. Die Tragwerksplaner pr\u00fcfen regelm\u00e4\u00dfig den Fortschritt auf der Baustelle und kontrollieren die Umsetzung vor Ort. Durch die zentrale Lage in Deutschland, k\u00f6nnen nicht nur regelm\u00e4\u00dfige Pr\u00e4senztermine in M\u00fcnchen garantiert werden, f\u00fcr gr\u00f6\u00dfere Projekte wird auch ein Statiker f\u00fcr den gesamten Projektzeitraum in M\u00fcnchen pers\u00f6nlich zur Verf\u00fcgung stehen.<\/p>\n<p><strong>Das Team von RIZ<\/strong><\/p>\n<p>Das Ingenieurb\u00fcro RIZ steht Ihnen als versierter Partner f\u00fcr Tragwerkplanung seit 2015 zur Seite. Die Leistungsst\u00e4rke des Unternehmens zeigen die Vielzahl an <a href=\"https:\/\/www.ib-riz.de\/en\/referenzen\/\">Projekten<\/a>, die seit der Gr\u00fcndung erfolgreich realisiert wurden. Der Gr\u00fcnder und Bauingenieur Roosbeh Zadeh kann eine langj\u00e4hrige Berufserfahrung aufweisen, die nach seinem Hochschulabschluss in 2010 begann. Sein handverlesenes Team aus Statikern und Konstrukteuren verf\u00fcgt \u00fcber eine ausgezeichnete ingenieurwissenschaftliche und baupraktische Expertise. Die Mitarbeiter greifen auf die neueste Ausstattung und aktuellste Spezial-Software des Ingenieurb\u00fcros zur\u00fcck. Kreative Konzepte, wirtschaftliche L\u00f6sungen und Zuverl\u00e4ssigkeit gelten dabei als das Aush\u00e4ngeschild des Unternehmens. Die Leistung entspricht nat\u00fcrlich jederzeit den rechtlichen und gesetzlichen Vorgaben.<\/p>\n<\/div><\/section><\/div><\/p>\n<div  class='hr hr-default'><span class='hr-inner' ><span class='hr-inner-style'><\/span><\/span><\/div>\n<div class=\"flex_column av_one_third  flex_column_div av-zero-column-padding first\" style='border-radius:0px; '><section class=\"av_textblock_section\"  itemscope=\"itemscope\" itemtype=\"https:\/\/schema.org\/CreativeWork\" ><div class='avia_textblock  av_inherit_color'  style='color:#384597; '  itemprop=\"text\" ><h6><strong>Rufen Sie uns an, wir beraten Sie gerne:<\/strong><\/h6>\n<\/div><\/section><\/div>\n<div class=\"flex_column av_one_third  flex_column_div av-zero-column-padding\" style='border-radius:0px; '><section class=\"av_textblock_section\"  itemscope=\"itemscope\" itemtype=\"https:\/\/schema.org\/CreativeWork\" ><div class='avia_textblock  av_inherit_color'  style='color:#384597; '  itemprop=\"text\" ><h6><strong>0611 &#8211; 58587780<\/strong><\/h6>\n<\/div><\/section><\/div>\n<div class=\"flex_column av_one_third  flex_column_div av-zero-column-padding\" style='border-radius:0px; '><section class=\"av_textblock_section\"  itemscope=\"itemscope\" itemtype=\"https:\/\/schema.org\/CreativeWork\" ><div class='avia_textblock'   itemprop=\"text\" ><\/div><\/section><\/div>\n<div class=\"flex_column av_one_third  flex_column_div av-zero-column-padding first\" style='border-radius:0px; '><section class=\"av_textblock_section\"  itemscope=\"itemscope\" itemtype=\"https:\/\/schema.org\/CreativeWork\" ><div class='avia_textblock  av_inherit_color'  style='color:#384597; '  itemprop=\"text\" ><h6><strong>oder schicken Sie uns eine E-Mail:<\/strong><\/h6>\n<\/div><\/section><\/div>\n<div class=\"flex_column av_one_third  flex_column_div av-zero-column-padding\" style='border-radius:0px; '><section class=\"av_textblock_section\"  itemscope=\"itemscope\" itemtype=\"https:\/\/schema.org\/CreativeWork\" ><div class='avia_textblock  av_inherit_color'  style='color:#384597; '  itemprop=\"text\" ><h6><strong>info@ib-riz.de<\/strong><\/h6>\n<\/div><\/section><\/div>\n<div class=\"flex_column av_one_third  flex_column_div av-zero-column-padding\" style='border-radius:0px; '><\/div>","protected":false},"excerpt":{"rendered":"","protected":false},"author":2,"featured_media":0,"parent":1621,"menu_order":1,"comment_status":"closed","ping_status":"closed","template":"","meta":{"footnotes":""},"class_list":["post-1671","page","type-page","status-publish","hentry"],"_links":{"self":[{"href":"https:\/\/www.ib-riz.de\/en\/wp-json\/wp\/v2\/pages\/1671","targetHints":{"allow":["GET"]}}],"collection":[{"href":"https:\/\/www.ib-riz.de\/en\/wp-json\/wp\/v2\/pages"}],"about":[{"href":"https:\/\/www.ib-riz.de\/en\/wp-json\/wp\/v2\/types\/page"}],"author":[{"embeddable":true,"href":"https:\/\/www.ib-riz.de\/en\/wp-json\/wp\/v2\/users\/2"}],"replies":[{"embeddable":true,"href":"https:\/\/www.ib-riz.de\/en\/wp-json\/wp\/v2\/comments?post=1671"}],"version-history":[{"count":0,"href":"https:\/\/www.ib-riz.de\/en\/wp-json\/wp\/v2\/pages\/1671\/revisions"}],"up":[{"embeddable":true,"href":"https:\/\/www.ib-riz.de\/en\/wp-json\/wp\/v2\/pages\/1621"}],"wp:attachment":[{"href":"https:\/\/www.ib-riz.de\/en\/wp-json\/wp\/v2\/media?parent=1671"}],"curies":[{"name":"wp","href":"https:\/\/api.w.org\/{rel}","templated":true}]}}