{"id":1518,"date":"2020-04-20T16:51:50","date_gmt":"2020-04-20T14:51:50","guid":{"rendered":"http:\/\/www.ib-riz.de\/?page_id=1518"},"modified":"2026-02-07T11:06:13","modified_gmt":"2026-02-07T10:06:13","slug":"statiker-frankfurt","status":"publish","type":"page","link":"https:\/\/www.ib-riz.de\/en\/statiker-frankfurt\/","title":{"rendered":"Statiker Frankfurt"},"content":{"rendered":"<\/div><\/div><\/div><!-- close content main div --><\/div><\/div><div id='av_section_1' class='avia-section main_color avia-section-default avia-no-border-styling avia-bg-style-fixed   av-minimum-height av-minimum-height-50 container_wrap fullsize' style = 'background-repeat: no-repeat; background-image: url(https:\/\/www.ib-riz.de\/wp-content\/uploads\/2023\/05\/frankfurt-1500x630.jpg);background-attachment: fixed; background-position: top center; ' data-section-bg-repeat='no-repeat' ><div class='container' ><div class='template-page content  av-content-full alpha units'><div class='post-entry post-entry-type-page post-entry-1518'><div class='entry-content-wrapper clearfix'>\n<div class=\"flex_column av_one_fifth  flex_column_div av-zero-column-padding first\" style='border-radius:0px; '><\/div><div class=\"flex_column av_three_fifth  flex_column_div av-zero-column-padding\" style='background: rgba(255,255,255,0.85); background-color:rgba(255,255,255,0.85); border-radius:0px; '><div style='padding-bottom:10px; color:#1e7fe8;' class='av-special-heading av-special-heading-h1 custom-color-heading blockquote modern-quote modern-centered'><h1 class='av-special-heading-tag'  itemprop=\"headline\"  >STATIKER IN FRANKFURT<\/h1><div class='special-heading-border'><div class='special-heading-inner-border' style='border-color:#1e7fe8'><\/div><\/div><\/div><\/div><div class=\"flex_column av_one_fifth  flex_column_div av-zero-column-padding\" style='border-radius:0px; '><\/div>\n\n<div class=\"flex_column av_one_half  flex_column_div av-zero-column-padding first\" style='border-radius:0px; '><section class=\"av_textblock_section\"  itemscope=\"itemscope\" itemtype=\"https:\/\/schema.org\/CreativeWork\" ><div class='avia_textblock'   itemprop=\"text\" ><h3>Ihr Statiker bei Frankfurt am Main \u2013 Fachkompetenz mit Erfahrung<\/h3>\n<p>Mit unserem Ingenieurb\u00fcro f\u00fcr Statik stehen Ihnen erfahrene Statiker im Raum Frankfurt zur Seite. Wir begleiten Neubau, Umbau und Sanierung von Wohn- und Nichtwohngeb\u00e4uden \u2013 von der ersten Idee bis zur fertigen Konstruktion. Ob Einfamilienhaus, Mehrfamilienhaus oder Gewerbeobjekt: Unsere Statiker in Frankfurt entwickeln tragf\u00e4hige und wirtschaftliche L\u00f6sungen, die allen baurechtlichen Vorgaben entsprechen. Als Statiker in der N\u00e4he Frankfurt unterst\u00fctzen wir Sie zuverl\u00e4ssig bei allen Fragen rund um Tragwerksplanung, Baustatik und bautechnische Nachweise. Wenn Sie die Statik berechnen lassen m\u00f6chten, beraten wir Sie gerne auch zu den Statiker Kosten in Frankfurt.<\/p>\n<h3><\/h3>\n<h3><\/h3>\n<h3><\/h3>\n<h3>Pers\u00f6nlich vor Ort im Rhein-Main-Gebiet<\/h3>\n<p>Durch unseren Standort in der N\u00e4he von Frankfurt sind Baustellenbegehungen und Abstimmungstermine vor Ort problemlos m\u00f6glich. Wir stimmen uns eng mit Architekten, Fachplanern und ausf\u00fchrenden Firmen ab und behalten den Baufortschritt im Blick. So k\u00f6nnen unsere Statiker fr\u00fchzeitig reagieren, wenn Anpassungen erforderlich werden, und Ihr Projekt sicher durch alle Bauphasen f\u00fchren. F\u00fcr private Bauherren, Unternehmen und Architekturb\u00fcros sind wir ein zuverl\u00e4ssiger Partner im gesamten Rhein-Main-Gebiet.<\/p>\n<p>Sie suchen einen Statiker in der N\u00e4he Frankfurt f\u00fcr Tragwerksplanung? Rufen Sie uns jetzt an!<\/p>\n<\/div><\/section><\/div>\n<div class=\"flex_column av_one_half  flex_column_div av-zero-column-padding\" style='border-radius:0px; '><section class=\"av_textblock_section\"  itemscope=\"itemscope\" itemtype=\"https:\/\/schema.org\/CreativeWork\" ><div class='avia_textblock'   itemprop=\"text\" ><h3>Tragwerksplanung in Frankfurt \u2013 pr\u00e4zise, wirtschaftlich, normgerecht<\/h3>\n<p>Fundiertes Ingenieurwissen und langj\u00e4hrige Projekterfahrung bilden die Basis unserer Tragwerksplanung. Wir erstellen statische Berechnungen, entwickeln wirtschaftliche Konzepte und optimieren den Materialeinsatz, um Kosten zu reduzieren, ohne bei der Sicherheit Kompromisse einzugehen. Besonders in fr\u00fchen Planungsphasen kann eine sorgf\u00e4ltig ausgearbeitete Tragwerksplanung f\u00fcr Frankfurt entscheidende Vorteile bei Baukosten, Materialeinsatz und Ausf\u00fchrungsqualit\u00e4t bringen. Auch f\u00fcr Sanierungsprojekte und Bestandsgeb\u00e4ude bieten wir pr\u00e4zise Baustatik f\u00fcr Frankfurt und Umgebung.<\/p>\n<h3>Ingenieurb\u00fcro mit erfahrenen Statikern und Konstrukteuren<\/h3>\n<p>Das Team f\u00fcr den Standort Frankfurt besteht aus spezialisierten Ingenieuren und Konstrukteuren mit ausgepr\u00e4gter Praxiserfahrung. Moderne Software, professionelle Arbeitsprozesse und ein hohes Qualit\u00e4tsbewusstsein sorgen daf\u00fcr, dass statische Berechnungen, Schal- und Bewehrungspl\u00e4ne sowie Konstruktionszeichnungen pr\u00e4zise und nachvollziehbar ausgearbeitet werden. Damit schaffen wir die Grundlage f\u00fcr langlebige, sichere und wertstabile Bauwerke. Unser Ingenieurb\u00fcro f\u00fcr Statik in Frankfurt verbindet Fachwissen, Effizienz und moderne Methoden zu optimalen Ergebnissen.<\/p>\n<p>Fragen Sie jetzt Ihre Statiker Kosten f\u00fcr Ihr Bauprojekt in Frankfurt an!<\/p>\n<\/div><\/section><\/div>\n<div class=\"flex_column av_one_half  flex_column_div av-zero-column-padding first\" style='border-radius:0px; '><section class=\"av_textblock_section\"  itemscope=\"itemscope\" itemtype=\"https:\/\/schema.org\/CreativeWork\" ><div class='avia_textblock'   itemprop=\"text\" ><h3>Leistungsportfolio f\u00fcr Frankfurt<\/h3>\n<p>F\u00fcr Projekte in Frankfurt und Umgebung bieten wir unter anderem:<\/p>\n<ul>\n<li>Tragwerksplanung f\u00fcr Wohn- und Gewerbebauten<\/li>\n<li>Statische Berechnungen und Nachweise<\/li>\n<li>Bauphysik (W\u00e4rme-, Schall- und Brandschutznachweise)<\/li>\n<li>Gutachten zur Standsicherheit, Sanierung und Instandsetzung<\/li>\n<\/ul>\n<p>Weitere Details zu unseren Leistungen finden Sie auf unserer Seite \u201eTragwerksplanung\u201c sowie in den Referenzen des Ingenieurb\u00fcros RIZ. Gerne k\u00f6nnen Sie auch Ihre Statik berechnen lassen \u2013 wir erstellen transparente, wirtschaftliche und normgerechte L\u00f6sungen f\u00fcr Ihr Bauvorhaben in Frankfurt.<\/p>\n<p>Weitere Informationen zum Leistungsportfolio finden Sie <a href=\"https:\/\/www.ib-riz.de\/en\/leistungen\/\">hier<\/a>. Machen Sie sich ein Bild unserer Arbeit als Tragwerksplaner und werfen Sie einen Blick auf unsere <a href=\"https:\/\/www.ib-riz.de\/en\/referenzen\/\">References<\/a>.<\/p>\n<p>Gerne erstellen wir Ihnen ein unverbindliches Angebot!<\/p>\n<\/div><\/section><\/div><div  class='hr hr-default'><span class='hr-inner' ><span class='hr-inner-style'><\/span><\/span><\/div><\/p>\n<div class=\"flex_column av_one_third  flex_column_div av-zero-column-padding first\" style='border-radius:0px; '><p><section class=\"av_textblock_section\"  itemscope=\"itemscope\" itemtype=\"https:\/\/schema.org\/CreativeWork\" ><div class='avia_textblock'   itemprop=\"text\" ><\/div><\/section><br \/>\n<section class=\"av_textblock_section\"  itemscope=\"itemscope\" itemtype=\"https:\/\/schema.org\/CreativeWork\" ><div class='avia_textblock  av_inherit_color'  style='font-size:14px; color:#384597; '  itemprop=\"text\" ><p>Rufen SIe uns an, wir beraten Sie gerne:<\/p>\n<\/div><\/section><\/p><\/div>\n<div class=\"flex_column av_one_third  flex_column_div av-zero-column-padding\" style='border-radius:0px; '><div class='avia-button-wrap avia-button-center'><a href='tel:061158587780'  class='avia-button   avia-icon_select-yes-left-icon avia-color-theme-color avia-size-small avia-position-center'   ><span class='avia_button_icon avia_button_icon_left' aria-hidden='true' data-av_icon='\ue854' data-av_iconfont='entypo-fontello'><\/span><span class='avia_iconbox_title' >0611 58587780<\/span><\/a><\/div><\/div>\n<div class=\"flex_column av_one_third  flex_column_div av-zero-column-padding\" style='border-radius:0px; '><section class=\"av_textblock_section\"  itemscope=\"itemscope\" itemtype=\"https:\/\/schema.org\/CreativeWork\" ><div class='avia_textblock'   itemprop=\"text\" ><\/div><\/section><\/div>\n<div class=\"flex_column av_one_third  flex_column_div av-zero-column-padding first\" style='border-radius:0px; '><p><section class=\"av_textblock_section\"  itemscope=\"itemscope\" itemtype=\"https:\/\/schema.org\/CreativeWork\" ><div class='avia_textblock'   itemprop=\"text\" ><\/div><\/section><br \/>\n<section class=\"av_textblock_section\"  itemscope=\"itemscope\" itemtype=\"https:\/\/schema.org\/CreativeWork\" ><div class='avia_textblock  av_inherit_color'  style='font-size:14px; color:#384597; '  itemprop=\"text\" ><p>Oder schicken Sie uns eine E-Mail:<\/p>\n<\/div><\/section><\/p><\/div>\n<div class=\"flex_column av_one_third  flex_column_div av-zero-column-padding\" style='border-radius:0px; '><div class='avia-button-wrap avia-button-center'><a href='mailto:info@ib-riz.de'  class='avia-button   avia-icon_select-yes-left-icon avia-color-theme-color avia-size-small avia-position-center'   ><span class='avia_button_icon avia_button_icon_left' aria-hidden='true' data-av_icon='\ue805' data-av_iconfont='entypo-fontello'><\/span><span class='avia_iconbox_title' >info@ib-riz.de<\/span><\/a><\/div><\/div>\n<div class=\"flex_column av_one_third  flex_column_div av-zero-column-padding\" style='border-radius:0px; '><\/div>","protected":false},"excerpt":{"rendered":"","protected":false},"author":2,"featured_media":0,"parent":0,"menu_order":1,"comment_status":"closed","ping_status":"closed","template":"","meta":{"footnotes":""},"class_list":["post-1518","page","type-page","status-publish","hentry"],"_links":{"self":[{"href":"https:\/\/www.ib-riz.de\/en\/wp-json\/wp\/v2\/pages\/1518","targetHints":{"allow":["GET"]}}],"collection":[{"href":"https:\/\/www.ib-riz.de\/en\/wp-json\/wp\/v2\/pages"}],"about":[{"href":"https:\/\/www.ib-riz.de\/en\/wp-json\/wp\/v2\/types\/page"}],"author":[{"embeddable":true,"href":"https:\/\/www.ib-riz.de\/en\/wp-json\/wp\/v2\/users\/2"}],"replies":[{"embeddable":true,"href":"https:\/\/www.ib-riz.de\/en\/wp-json\/wp\/v2\/comments?post=1518"}],"version-history":[{"count":5,"href":"https:\/\/www.ib-riz.de\/en\/wp-json\/wp\/v2\/pages\/1518\/revisions"}],"predecessor-version":[{"id":2436,"href":"https:\/\/www.ib-riz.de\/en\/wp-json\/wp\/v2\/pages\/1518\/revisions\/2436"}],"wp:attachment":[{"href":"https:\/\/www.ib-riz.de\/en\/wp-json\/wp\/v2\/media?parent=1518"}],"curies":[{"name":"wp","href":"https:\/\/api.w.org\/{rel}","templated":true}]}}