{"id":12,"date":"2017-01-13T14:53:47","date_gmt":"2017-01-13T13:53:47","guid":{"rendered":"https:\/\/www.ib-riz.de\/leistungen\/"},"modified":"2025-11-30T18:50:50","modified_gmt":"2025-11-30T17:50:50","slug":"ingenieurbuero-riz-2","status":"publish","type":"page","link":"https:\/\/www.ib-riz.de\/en\/leistungen\/","title":{"rendered":"Services"},"content":{"rendered":"<\/div><\/div><\/div><!-- close content main div --><\/div><\/div><div id='av_section_1' class='avia-section main_color avia-section-huge avia-no-border-styling avia-full-stretch avia-bg-style-fixed   av-minimum-height av-minimum-height-75 container_wrap fullsize' style = 'background-repeat: no-repeat; background-image: url(https:\/\/www.ib-riz.de\/wp-content\/uploads\/2017\/01\/slide.jpg);background-attachment: fixed; background-position: center center; ' data-section-bg-repeat='stretch' ><div class='av-section-color-overlay-wrap'><a href='#next-section' title='' class='scroll-down-link'  aria-hidden='true' data-av_icon='\ue877' data-av_iconfont='entypo-fontello'><\/a><div class='container' ><div class='template-page content  av-content-full alpha units'><div class='post-entry post-entry-type-page post-entry-12'><div class='entry-content-wrapper clearfix'>\n<div class=\"flex_column av_one_fifth  flex_column_div first\" ><\/div><div class=\"flex_column av_three_fifth  flex_column_div av-zero-column-padding\" style='border-radius:0px; '><p><div style='padding-bottom:10px; color:#384597;font-size:44px;' class='av-special-heading av-special-heading-h1 custom-color-heading blockquote modern-quote modern-centered  av-thin-font av-inherit-size'><h1 class='av-special-heading-tag'  itemprop=\"headline\"  ><strong>SERVICES:<\/strong><br \/>\nResidential, Industrial, Subsurface Construction<\/h1><div class='special-heading-border'><div class='special-heading-inner-border' style='border-color:#384597'><\/div><\/div><\/div><br \/>\n<div style=' margin-top:40px; margin-bottom:40px;'  class='hr hr-custom hr-center hr-icon-no'><span class='hr-inner   inner-border-av-border-fat' style=' width:50px; border-color:#384597;' ><span class='hr-inner-style'><\/span><\/span><\/div><\/p><\/div><div class=\"flex_column av_one_fifth  flex_column_div av-zero-column-padding\" style='border-radius:0px; '><\/div>\n\n<\/div><\/div><\/div><!-- close content main div --><\/div><\/div><\/div><div id='values' class='avia-section main_color avia-section-huge avia-no-border-styling avia-bg-style-scroll   container_wrap fullsize' style = 'background-image: '  ><div class='container' ><div class='template-page content  av-content-full alpha units'><div class='post-entry post-entry-type-page post-entry-12'><div class='entry-content-wrapper clearfix'>\n<div class=\"flex_column av_one_half  flex_column_div av-zero-column-padding first\" style='border-radius:0px; '><section class=\"av_textblock_section\"  itemscope=\"itemscope\" itemtype=\"https:\/\/schema.org\/CreativeWork\" ><div class='avia_textblock'   itemprop=\"text\" ><h3>Ihr Partner f\u00fcr Tragwerksplanung in Wiesbaden<\/h3>\n<p>Unser Ingenieurb\u00fcro ist Ihr zuverl\u00e4ssiger Partner f\u00fcr <strong>Tragwerksplanung in Wiesbaden<\/strong> und bietet eine umfassende Expertise in den Bereichen Allgemeiner Hochbau, Industriebau und Tiefbau. Mit einem engagierten Team erfahrener Tragwerksplaner und Bauphysiker stehen wir Ihnen bei vielf\u00e4ltigen Bauvorhaben zur Seite \u2013 vom Einfamilienhaus \u00fcber Mehrfamilienh\u00e4user bis hin zu gewerblichen und \u00f6ffentlichen Geb\u00e4uden.<\/p>\n<p>Im Bereich des Allgemeinen <strong>Hochbaus<\/strong> konzipieren wir innovative L\u00f6sungen f\u00fcr Wohn-, Gewerbe- und \u00f6ffentliche Geb\u00e4ude. Unsere Planungen ber\u00fccksichtigen h\u00f6chste Sicherheitsstandards, Energieeffizienz und Nachhaltigkeit, um zukunftsf\u00e4hige Bauwerke zu realisieren.<\/p>\n<p>F\u00fcr den <strong>Industrial Construction<\/strong> entwickeln wir ma\u00dfgeschneiderte Konstruktionen, die den spezifischen Anforderungen der Industrie gerecht werden. Von Produktionshallen bis hin zu komplexen Industrieanlagen sorgen wir f\u00fcr belastbare Strukturen, die eine optimale Arbeitsumgebung erm\u00f6glichen.<\/p>\n<p>Unser Ingenieurb\u00fcro ist zudem auf den <strong>Tiefbau<\/strong> spezialisiert und bietet professionelle L\u00f6sungen f\u00fcr Spundw\u00e4nde, Tr\u00e4gerbohlw\u00e4nde, Winkelst\u00fctzw\u00e4nde, Unterfangungen, Schwerlastmauern, Tiefgr\u00fcndungen und B\u00f6schungen. Mit Erfahrung und modernster Technik gew\u00e4hrleisten wir einfache L\u00f6sungen f\u00fcr komplexe Probleme. Vertrauen Sie auf unsere Expertise im Tiefbau.<\/p>\n<\/div><\/section><\/div><div class=\"flex_column av_one_half  flex_column_div av-zero-column-padding\" style='border-radius:0px; '><p><div style=' margin-top:12px; margin-bottom:12px;'  class='hr hr-custom hr-center hr-icon-no'><span class='hr-inner   inner-border-av-border-none' style=' width:50px;' ><span class='hr-inner-style'><\/span><\/span><\/div><br \/>\n<section class=\"av_textblock_section\"  itemscope=\"itemscope\" itemtype=\"https:\/\/schema.org\/CreativeWork\" ><div class='avia_textblock'   itemprop=\"text\" ><h3>Leistungsbereiche: Wohnbau, Gewerbebau, Industriebau &amp; Tiefbau<\/h3>\n<p>Im allgemeinen Hochbau planen wir Tragwerke f\u00fcr Wohngeb\u00e4ude, Mehrfamilienh\u00e4user und gewerbliche Immobilien. Dazu geh\u00f6ren Neubau, Umbau, Sanierungen, Nutzungs\u00e4nderungen und Aufstockungen.<\/p>\n<p>F\u00fcr den Industriebau entwickeln wir Tragwerksl\u00f6sungen f\u00fcr Produktionshallen, Stahlkonstruktionen und komplexe Anlagen. Dazu z\u00e4hlen auch Lastpr\u00fcfungen \u2013 z. B. f\u00fcr Photovoltaik-Anlagen auf Dachfl\u00e4chen.<\/p>\n<p>Im Tiefbau bieten wir professionelle statische Berechnungen und Konstruktionen f\u00fcr Spundw\u00e4nde, Tr\u00e4gerbohlw\u00e4nde, Winkelst\u00fctzw\u00e4nde, Schwerlastmauern, Unterfangungen, B\u00f6schungen und Tiefgr\u00fcndungen.<\/p>\n<\/div><\/section><br \/>\n<div style=' margin-top:1px; margin-bottom:1px;'  class='hr hr-custom hr-center hr-icon-no'><span class='hr-inner   inner-border-av-border-none' style=' width:50px;' ><span class='hr-inner-style'><\/span><\/span><\/div><br \/>\n<div style='padding-bottom:10px; margin:0 0 0 0; ' class='av-special-heading av-special-heading-h3  blockquote classic-quote'><h3 class='av-special-heading-tag'  itemprop=\"headline\"  >Contact us today!<\/h3><div class='special-heading-border'><div class='special-heading-inner-border' ><\/div><\/div><\/div><br \/>\n<div class='avia-button-wrap avia-button-center'><a href='https:\/\/www.ib-riz.de\/en\/kontakt\/'  class='avia-button   avia-icon_select-yes-left-icon avia-color-theme-color avia-size-large avia-position-center'   ><span class='avia_button_icon avia_button_icon_left' aria-hidden='true' data-av_icon='\ue805' data-av_iconfont='entypo-fontello'><\/span><span class='avia_iconbox_title' >Contact<\/span><\/a><\/div><\/p><\/div><div class=\"flex_column av_one_half  flex_column_div first\" ><p><div style=' margin-top:12px; margin-bottom:12px;'  class='hr hr-custom hr-center hr-icon-no'><span class='hr-inner   inner-border-av-border-none' style=' width:50px;' ><span class='hr-inner-style'><\/span><\/span><\/div><br \/>\n<div class='avia-image-container  av-styling-     avia-align-center'  itemprop=\"ImageObject\" itemscope=\"itemscope\" itemtype=\"https:\/\/schema.org\/ImageObject\"  ><div class='avia-image-container-inner'><div class='avia-image-overlay-wrap'><img class='avia_image' src='https:\/\/www.ib-riz.de\/wp-content\/uploads\/2017\/01\/leistung1.png' alt='Tragwerksplanung' title='Ihr Ingenieurb\u00fcro bei Frankfurt' height=\"216\"width=\"346\"  itemprop=\"thumbnailUrl\"  \/><\/div><\/div><\/div><\/p><\/div><div class=\"flex_column av_one_half  flex_column_div av-zero-column-padding\" style='border-radius:0px; '><p><div style=' margin-top:12px; margin-bottom:12px;'  class='hr hr-custom hr-center hr-icon-no'><span class='hr-inner   inner-border-av-border-none' style=' width:50px;' ><span class='hr-inner-style'><\/span><\/span><\/div><br \/>\n<section class=\"av_textblock_section\"  itemscope=\"itemscope\" itemtype=\"https:\/\/schema.org\/CreativeWork\" ><div class='avia_textblock'   itemprop=\"text\" ><h3>Unsere Leistungen in der Statik: Tragwerksplanung, Brandschutz und mehr<\/h3>\n<p>Tragwerksplanung f\u00fcr Neubau, Umbau und Bestand<\/p>\n<ul>\n<li>Structural Calculations<\/li>\n<li>Formwork and Reinforcement Plans<\/li>\n<li>Konstruktionszeichnungen<\/li>\n<li>Construction Supervision \/ Acceptance Inspections<\/li>\n<li>Nachweise des konstruktiven Brandschutzes nach Eurocode<\/li>\n<\/ul>\n<p>In allen Phasen sorgen wir f\u00fcr klare Prozesse, transparente Abstimmungen und wirtschaftliche L\u00f6sungen.<\/p>\n<\/div><\/section><\/p><\/div><div class=\"flex_column av_one_half  flex_column_div av-zero-column-padding first\" style='border-radius:0px; '><div class='avia-image-container  av-styling-     avia-align-center'  itemprop=\"ImageObject\" itemscope=\"itemscope\" itemtype=\"https:\/\/schema.org\/ImageObject\"  ><div class='avia-image-container-inner'><div class='avia-image-overlay-wrap'><img class='avia_image' src='https:\/\/www.ib-riz.de\/wp-content\/uploads\/2017\/01\/leistung2.png' alt='Bauphysik Energieausweis' title='leistung2' height=\"224\"width=\"346\"  itemprop=\"thumbnailUrl\"  \/><\/div><\/div><\/div><\/div><div class=\"flex_column av_one_half  flex_column_div av-zero-column-padding\" style='border-radius:0px; '><section class=\"av_textblock_section\"  itemscope=\"itemscope\" itemtype=\"https:\/\/schema.org\/CreativeWork\" ><div class='avia_textblock'   itemprop=\"text\" ><h3>Bauphysikalische Nachweise<\/h3>\n<p>Wir erstellen alle bauphysikalischen Nachweise gem\u00e4\u00df geltenden Normen und gesetzlichen Anforderungen:<\/p>\n<ul>\n<li>W\u00e4rmeschutznachweise gem\u00e4\u00df GEG oder KfW-Standard<\/li>\n<li>Energieausweise (registrierter Aussteller gem\u00e4\u00df dena)<\/li>\n<li>Schallschutznachweise nach DIN 4109<\/li>\n<\/ul>\n<p>Damit erf\u00fcllen Sie alle Anforderungen f\u00fcr F\u00f6rderantr\u00e4ge, Genehmigungen und energetische Standards.<\/p>\n<\/div><\/section><\/div><div class=\"flex_column av_one_half  flex_column_div av-zero-column-padding first\" style='border-radius:0px; '><div class='avia-image-container  av-styling-     avia-align-center'  itemprop=\"ImageObject\" itemscope=\"itemscope\" itemtype=\"https:\/\/schema.org\/ImageObject\"  ><div class='avia-image-container-inner'><div class='avia-image-overlay-wrap'><img class='avia_image' src='https:\/\/www.ib-riz.de\/wp-content\/uploads\/2017\/01\/leistung3.png' alt='Gutachten' title='leistung3' height=\"234\"width=\"346\"  itemprop=\"thumbnailUrl\"  \/><\/div><\/div><\/div><\/div><div class=\"flex_column av_one_half  flex_column_div av-zero-column-padding\" style='border-radius:0px; '><section class=\"av_textblock_section\"  itemscope=\"itemscope\" itemtype=\"https:\/\/schema.org\/CreativeWork\" ><div class='avia_textblock'   itemprop=\"text\" ><h3>Gutachten &amp; bautechnische Bewertungen<\/h3>\n<p>Unser Ingenieurb\u00fcro erstellt fachkundige Gutachten f\u00fcr:<\/p>\n<ul>\n<li>Standsicherheit<\/li>\n<li>Sanierungskonzepte<\/li>\n<li>Instandsetzung von Tragwerken<\/li>\n<li>Tragf\u00e4higkeitsanalysen im Bestand<\/li>\n<\/ul>\n<p>Ob Wohngeb\u00e4ude oder Industrieobjekt \u2013 wir liefern pr\u00e4zise und nachvollziehbare Bewertungen f\u00fcr sichere Entscheidungen. Kontaktieren Sie uns f\u00fcr Ihr Gutachten und eine fundierte Bewertung.<\/p>\n<\/div><\/section><\/div>","protected":false},"excerpt":{"rendered":"","protected":false},"author":2,"featured_media":0,"parent":0,"menu_order":4,"comment_status":"closed","ping_status":"closed","template":"","meta":{"footnotes":""},"class_list":["post-12","page","type-page","status-publish","hentry"],"_links":{"self":[{"href":"https:\/\/www.ib-riz.de\/en\/wp-json\/wp\/v2\/pages\/12","targetHints":{"allow":["GET"]}}],"collection":[{"href":"https:\/\/www.ib-riz.de\/en\/wp-json\/wp\/v2\/pages"}],"about":[{"href":"https:\/\/www.ib-riz.de\/en\/wp-json\/wp\/v2\/types\/page"}],"author":[{"embeddable":true,"href":"https:\/\/www.ib-riz.de\/en\/wp-json\/wp\/v2\/users\/2"}],"replies":[{"embeddable":true,"href":"https:\/\/www.ib-riz.de\/en\/wp-json\/wp\/v2\/comments?post=12"}],"version-history":[{"count":15,"href":"https:\/\/www.ib-riz.de\/en\/wp-json\/wp\/v2\/pages\/12\/revisions"}],"predecessor-version":[{"id":2425,"href":"https:\/\/www.ib-riz.de\/en\/wp-json\/wp\/v2\/pages\/12\/revisions\/2425"}],"wp:attachment":[{"href":"https:\/\/www.ib-riz.de\/en\/wp-json\/wp\/v2\/media?parent=12"}],"curies":[{"name":"wp","href":"https:\/\/api.w.org\/{rel}","templated":true}]}}